{"id":184,"date":"2025-09-27T15:53:25","date_gmt":"2025-09-27T15:53:25","guid":{"rendered":"https:\/\/komplehaus.com\/everything-i-want-is-right-in-front-of-me\/?page_id=184"},"modified":"2025-09-27T15:58:54","modified_gmt":"2025-09-27T15:58:54","slug":"everything-i-want-is-right-in-front-of-me-norwegian-lyrics","status":"publish","type":"page","link":"https:\/\/komplehaus.com\/everything-i-want-is-right-in-front-of-me\/everything-i-want-is-right-in-front-of-me-norwegian-lyrics\/","title":{"rendered":"Everything I Want Is Right In Front Of Me (Norwegian Lyrics)"},"content":{"rendered":"<h1>Everything I Want Is Right In Front Of Me (Norwegian Lyrics)<\/h1>\n<p><a href=\"https:\/\/komplehaus.com\/komplehaus-video-style-alt-jeg-onsker-meg-er-rett-foran-meg\/\" target=\"_blank\" rel=\"noopener\"><img loading=\"lazy\" decoding=\"async\" class=\"alignnone wp-image-187\" src=\"https:\/\/komplehaus.com\/everything-i-want-is-right-in-front-of-me\/wp-content\/uploads\/2025\/09\/komplehaus-video-style-alt-jeg-onsker-et-rett-foran-meg-vertical-image.png\" alt=\"Komplehaus Video Style Alt Jeg Onsker Et Rett Foran Meg Vertical Image\" width=\"270\" height=\"480\" \/><\/a><\/p>\n<h4>Alt jeg \u00f8nsker meg er rett foran meg.<br \/>\nJeg ser p\u00e5 deg.<br \/>\nDu ser p\u00e5 meg.<br \/>\nJeg liker det som skjer.<br \/>\nJeg elsker det jeg ser.<br \/>\nAlt jeg \u00f8nsker meg er rett foran meg.<br \/>\nJeg kan bare h\u00e5pe det er det samme for deg.<br \/>\nFordi alt jeg \u00f8nsker meg<br \/>\ner rett foran meg.<\/h4>\n<h4>Jeg f\u00f8ler at \u00f8yeblikket begynner \u00e5 avvikles.<br \/>\nDu fanger blikket mitt, og jeg er fanget i tid.<br \/>\nM\u00e5ten du smiler p\u00e5, det er en gnist jeg ikke kan benekte.<br \/>\nJeg er tiltrukket av deg, ingen grunn til \u00e5 gjemme meg.<\/h4>\n<h4>Alt jeg \u00f8nsker meg er rett foran meg.<br \/>\nJeg ser p\u00e5 deg.<br \/>\nDu ser p\u00e5 meg.<br \/>\nJeg liker det som skjer.<br \/>\nJeg elsker det jeg ser.<br \/>\nAlt jeg \u00f8nsker meg er rett foran meg.<br \/>\nJeg kan bare h\u00e5pe det er det samme for deg.<br \/>\nFordi alt jeg \u00f8nsker meg er rett foran meg.<\/h4>\n<h4>Verden forsvinner n\u00e5r du kommer n\u00e6r meg.<br \/>\nEt enkelt blikk som setter meg fri.<br \/>\nI hvert skritt ser jeg historien v\u00e5r ligge,<br \/>\nEn stille dans vi enn\u00e5 ikke har sagt.<\/h4>\n<h4>Alt jeg \u00f8nsker meg er rett foran meg.<br \/>\nJeg ser p\u00e5 deg.<br \/>\nDu ser p\u00e5 meg.<br \/>\nJeg liker det som skjer.<br \/>\nJeg elsker det jeg ser.<br \/>\nAlt jeg \u00f8nsker meg er rett foran meg.<br \/>\nJeg kan bare h\u00e5pe det er det samme for deg.<br \/>\nFordi alt jeg \u00f8nsker meg er rett foran meg.<\/h4>\n<h4>Denne forbindelsen er noe jeg ikke kan ignorere.<br \/>\nDen er tydelig skrevet bak hver d\u00f8r.<br \/>\nN\u00e5r du er i n\u00e6rheten, er det som en melodi,<br \/>\nSom spiller mykt, men uendelig.<\/h4>\n<h4>Alt jeg \u00f8nsker meg er rett foran meg.<br \/>\nJeg ser p\u00e5 deg.<br \/>\nDu ser p\u00e5 meg.<br \/>\nJeg liker det som skjer.<br \/>\nJeg elsker det jeg ser.<br \/>\nAlt jeg \u00f8nsker meg er rett foran meg.<br \/>\nJeg kan bare h\u00e5pe det er det samme for deg.<br \/>\nFordi alt jeg \u00f8nsker meg er rett foran meg.<\/h4>\n<p>&nbsp;<\/p>\n","protected":false},"excerpt":{"rendered":"<p>Everything I Want Is Right In Front Of Me (Norwegian Lyrics) Alt jeg \u00f8nsker meg er rett foran meg. Jeg ser p\u00e5 deg. Du ser p\u00e5 meg. Jeg liker det som skjer. Jeg elsker det jeg ser. Alt jeg \u00f8nsker meg er rett foran meg. Jeg kan bare h\u00e5pe det er det samme for deg. [&#8230;]<\/p>\n","protected":false},"author":1,"featured_media":0,"parent":0,"menu_order":0,"comment_status":"closed","ping_status":"closed","template":"template-no-sidebar.php","meta":{"footnotes":""},"class_list":["post-184","page","type-page","status-publish","hentry"],"_links":{"self":[{"href":"https:\/\/komplehaus.com\/everything-i-want-is-right-in-front-of-me\/wp-json\/wp\/v2\/pages\/184","targetHints":{"allow":["GET"]}}],"collection":[{"href":"https:\/\/komplehaus.com\/everything-i-want-is-right-in-front-of-me\/wp-json\/wp\/v2\/pages"}],"about":[{"href":"https:\/\/komplehaus.com\/everything-i-want-is-right-in-front-of-me\/wp-json\/wp\/v2\/types\/page"}],"author":[{"embeddable":true,"href":"https:\/\/komplehaus.com\/everything-i-want-is-right-in-front-of-me\/wp-json\/wp\/v2\/users\/1"}],"replies":[{"embeddable":true,"href":"https:\/\/komplehaus.com\/everything-i-want-is-right-in-front-of-me\/wp-json\/wp\/v2\/comments?post=184"}],"version-history":[{"count":2,"href":"https:\/\/komplehaus.com\/everything-i-want-is-right-in-front-of-me\/wp-json\/wp\/v2\/pages\/184\/revisions"}],"predecessor-version":[{"id":188,"href":"https:\/\/komplehaus.com\/everything-i-want-is-right-in-front-of-me\/wp-json\/wp\/v2\/pages\/184\/revisions\/188"}],"wp:attachment":[{"href":"https:\/\/komplehaus.com\/everything-i-want-is-right-in-front-of-me\/wp-json\/wp\/v2\/media?parent=184"}],"curies":[{"name":"wp","href":"https:\/\/api.w.org\/{rel}","templated":true}]}}