{"id":152,"date":"2025-09-25T21:09:39","date_gmt":"2025-09-25T21:09:39","guid":{"rendered":"https:\/\/komplehaus.com\/everything-i-want-is-right-in-front-of-me\/?page_id=152"},"modified":"2025-09-25T21:15:49","modified_gmt":"2025-09-25T21:15:49","slug":"everything-i-want-is-right-in-front-of-me-italian-lyrics","status":"publish","type":"page","link":"https:\/\/komplehaus.com\/everything-i-want-is-right-in-front-of-me\/everything-i-want-is-right-in-front-of-me-italian-lyrics\/","title":{"rendered":"Everything I Want Is Right In Front Of Me Italian Lyrics"},"content":{"rendered":"<h1>Everything I Want Is Right In Front Of Me (Italian Lyrics)<\/h1>\n<h4>Tutto ci\u00f2 che voglio \u00e8 proprio davanti a me.<br \/>\nIo che ti guardo.<br \/>\nTu che mi guardi.<br \/>\nMi piace quello che sta succedendo.<br \/>\nAmo quello che vedo.<br \/>\nTutto ci\u00f2 che voglio \u00e8 proprio davanti a me.<br \/>\nPosso solo sperare che sia lo stesso per te.<br \/>\nPerch\u00e9 tutto ci\u00f2 che voglio \u00e8 proprio davanti a me.<\/h4>\n<h4>Sento che il momento inizia a scorrere.<br \/>\nMi guardi negli occhi e sono rapita dal tempo.<br \/>\nIl modo in cui sorridi, \u00e8 una scintilla che non posso negare.<br \/>\nSono attratta da te, non c&#8217;\u00e8 bisogno di nascondermi.<\/h4>\n<h4>Tutto ci\u00f2 che voglio \u00e8 proprio davanti a me.<br \/>\nIo che ti guardo.<br \/>\nTu che mi guardi.<br \/>\nMi piace quello che sta succedendo.<br \/>\nAmo quello che vedo.<br \/>\nTutto ci\u00f2 che voglio \u00e8 proprio davanti a me.<br \/>\nPosso solo sperare che sia lo stesso per te.<br \/>\nPerch\u00e9 tutto ci\u00f2 che voglio \u00e8 proprio davanti a me.<\/h4>\n<h4>Il mondo svanisce quando ti avvicini a me.<br \/>\nUn semplice sguardo, che mi libera.<br \/>\nIn ogni passo, vedo la nostra storia,<br \/>\nUna danza silenziosa che dobbiamo ancora dire.<\/h4>\n<h4>Tutto ci\u00f2 che voglio \u00e8 proprio davanti a me.<br \/>\nIo che ti guardo.<br \/>\nTu mi guardi.<br \/>\nMi piace quello che sta succedendo.<br \/>\nAmo quello che vedo.<br \/>\nTutto ci\u00f2 che voglio \u00e8 proprio davanti a me.<br \/>\nPosso solo sperare che sia lo stesso per te.<br \/>\nPerch\u00e9 tutto ci\u00f2 che voglio \u00e8 proprio davanti a me.<\/h4>\n<h4>Questa connessione \u00e8 qualcosa che non posso ignorare.<br \/>\n\u00c8 scritta chiaramente dietro ogni porta.<br \/>\nQuando sei vicino, \u00e8 come una melodia,<br \/>\nche suona dolcemente, ma senza fine.<\/h4>\n<h4>Tutto ci\u00f2 che voglio \u00e8 proprio davanti a me.<br \/>\nIo che ti guardo.<br \/>\nTu mi guardi.<br \/>\nMi piace quello che sta succedendo.<br \/>\nAmo quello che vedo.<br \/>\nTutto ci\u00f2 che voglio \u00e8 proprio davanti a me.<br \/>\nPosso solo sperare che sia lo stesso per te.<br \/>\nPerch\u00e9 tutto ci\u00f2 che voglio \u00e8 proprio davanti a me.<\/h4>\n","protected":false},"excerpt":{"rendered":"<p>Everything I Want Is Right In Front Of Me (Italian Lyrics) Tutto ci\u00f2 che voglio \u00e8 proprio davanti a me. Io che ti guardo. Tu che mi guardi. Mi piace quello che sta succedendo. Amo quello che vedo. Tutto ci\u00f2 che voglio \u00e8 proprio davanti a me. Posso solo sperare che sia lo stesso per [&#8230;]<\/p>\n","protected":false},"author":1,"featured_media":0,"parent":0,"menu_order":0,"comment_status":"closed","ping_status":"closed","template":"template-no-sidebar.php","meta":{"footnotes":""},"class_list":["post-152","page","type-page","status-publish","hentry"],"_links":{"self":[{"href":"https:\/\/komplehaus.com\/everything-i-want-is-right-in-front-of-me\/wp-json\/wp\/v2\/pages\/152","targetHints":{"allow":["GET"]}}],"collection":[{"href":"https:\/\/komplehaus.com\/everything-i-want-is-right-in-front-of-me\/wp-json\/wp\/v2\/pages"}],"about":[{"href":"https:\/\/komplehaus.com\/everything-i-want-is-right-in-front-of-me\/wp-json\/wp\/v2\/types\/page"}],"author":[{"embeddable":true,"href":"https:\/\/komplehaus.com\/everything-i-want-is-right-in-front-of-me\/wp-json\/wp\/v2\/users\/1"}],"replies":[{"embeddable":true,"href":"https:\/\/komplehaus.com\/everything-i-want-is-right-in-front-of-me\/wp-json\/wp\/v2\/comments?post=152"}],"version-history":[{"count":2,"href":"https:\/\/komplehaus.com\/everything-i-want-is-right-in-front-of-me\/wp-json\/wp\/v2\/pages\/152\/revisions"}],"predecessor-version":[{"id":160,"href":"https:\/\/komplehaus.com\/everything-i-want-is-right-in-front-of-me\/wp-json\/wp\/v2\/pages\/152\/revisions\/160"}],"wp:attachment":[{"href":"https:\/\/komplehaus.com\/everything-i-want-is-right-in-front-of-me\/wp-json\/wp\/v2\/media?parent=152"}],"curies":[{"name":"wp","href":"https:\/\/api.w.org\/{rel}","templated":true}]}}